{"id":3641,"date":"2024-02-19T21:57:36","date_gmt":"2024-02-19T20:57:36","guid":{"rendered":"https:\/\/lescrepesdalex.eu\/?page_id=3641"},"modified":"2026-03-15T20:44:07","modified_gmt":"2026-03-15T19:44:07","slug":"lequipe","status":"publish","type":"page","link":"https:\/\/lescrepesdalex.eu\/index.php\/lequipe\/","title":{"rendered":"L&rsquo;\u00e9quipe"},"content":{"rendered":"\n<p>Photo Damien Corre Photographie pour l&rsquo;\u00e9quipe 2026<\/p>\n\n\n\n<figure class=\"wp-block-image size-large is-resized\"><img decoding=\"async\" loading=\"lazy\" width=\"1024\" height=\"683\" src=\"https:\/\/lescrepesdalex.eu\/wp-content\/uploads\/2026\/03\/Equipe-Cre\u2560epes-Alex-2026-HD00013-1024x683.jpg\" alt=\"\" class=\"wp-image-3903\" style=\"aspect-ratio:1.499267935578331;width:457px;height:auto\" srcset=\"https:\/\/lescrepesdalex.eu\/wp-content\/uploads\/2026\/03\/Equipe-Cre\u2560epes-Alex-2026-HD00013-1024x683.jpg 1024w, https:\/\/lescrepesdalex.eu\/wp-content\/uploads\/2026\/03\/Equipe-Cre\u2560epes-Alex-2026-HD00013-300x200.jpg 300w, https:\/\/lescrepesdalex.eu\/wp-content\/uploads\/2026\/03\/Equipe-Cre\u2560epes-Alex-2026-HD00013-768x512.jpg 768w, https:\/\/lescrepesdalex.eu\/wp-content\/uploads\/2026\/03\/Equipe-Cre\u2560epes-Alex-2026-HD00013-1536x1024.jpg 1536w, https:\/\/lescrepesdalex.eu\/wp-content\/uploads\/2026\/03\/Equipe-Cre\u2560epes-Alex-2026-HD00013-2048x1365.jpg 2048w\" sizes=\"(max-width: 1024px) 100vw, 1024px\" \/><\/figure>\n\n\n\n<figure class=\"wp-block-image size-large is-resized\"><img decoding=\"async\" loading=\"lazy\" width=\"766\" height=\"1024\" src=\"https:\/\/lescrepesdalex.eu\/wp-content\/uploads\/2024\/02\/Alex-766x1024.jpg\" alt=\"\" class=\"wp-image-3646\" style=\"aspect-ratio:0.748046875;width:311px;height:auto\" srcset=\"https:\/\/lescrepesdalex.eu\/wp-content\/uploads\/2024\/02\/Alex-766x1024.jpg 766w, https:\/\/lescrepesdalex.eu\/wp-content\/uploads\/2024\/02\/Alex-224x300.jpg 224w, https:\/\/lescrepesdalex.eu\/wp-content\/uploads\/2024\/02\/Alex-768x1027.jpg 768w, https:\/\/lescrepesdalex.eu\/wp-content\/uploads\/2024\/02\/Alex-1149x1536.jpg 1149w, https:\/\/lescrepesdalex.eu\/wp-content\/uploads\/2024\/02\/Alex.jpg 1496w\" sizes=\"(max-width: 766px) 100vw, 766px\" \/><\/figure>\n\n\n\n<p><strong>Alex<\/strong> adore les cr\u00eapes, les phares et la po\u00e9sie.<\/p>\n\n\n\n<p>G\u00e9rante de la cr\u00eaperie et aux billigs depuis septembre 2020.<\/p>\n\n\n\n<figure class=\"wp-block-image size-large is-resized\"><img decoding=\"async\" loading=\"lazy\" width=\"1024\" height=\"766\" src=\"https:\/\/lescrepesdalex.eu\/wp-content\/uploads\/2026\/01\/Julie-1024x766.jpg\" alt=\"\" class=\"wp-image-3885\" style=\"aspect-ratio:0.7482758620689656;width:311px;height:auto\" srcset=\"https:\/\/lescrepesdalex.eu\/wp-content\/uploads\/2026\/01\/Julie-1024x766.jpg 1024w, https:\/\/lescrepesdalex.eu\/wp-content\/uploads\/2026\/01\/Julie-300x224.jpg 300w, https:\/\/lescrepesdalex.eu\/wp-content\/uploads\/2026\/01\/Julie-768x575.jpg 768w, https:\/\/lescrepesdalex.eu\/wp-content\/uploads\/2026\/01\/Julie-1536x1149.jpg 1536w, https:\/\/lescrepesdalex.eu\/wp-content\/uploads\/2026\/01\/Julie-2048x1532.jpg 2048w\" sizes=\"(max-width: 1024px) 100vw, 1024px\" \/><\/figure>\n\n\n\n<p><strong>Julie<\/strong> a rejoint l&rsquo;\u00e9quipe en d\u00e9cembre 2025.<\/p>\n\n\n\n<p>V\u00e9ritable food lover, toujours \u00e0 l&rsquo;affut d&rsquo;un bon resto ou du meilleur salon de th\u00e9 de la r\u00e9gion, <strong>Julie<\/strong> alternera entre les billigs et le service le midi.<\/p>\n\n\n\n<figure class=\"wp-block-image size-large is-resized\"><img decoding=\"async\" loading=\"lazy\" width=\"1024\" height=\"800\" src=\"https:\/\/lescrepesdalex.eu\/wp-content\/uploads\/2025\/10\/margaux-1-1024x800.jpg\" alt=\"\" class=\"wp-image-3863\" style=\"aspect-ratio:1.2803450400492915;width:318px;height:auto\" srcset=\"https:\/\/lescrepesdalex.eu\/wp-content\/uploads\/2025\/10\/margaux-1-1024x800.jpg 1024w, https:\/\/lescrepesdalex.eu\/wp-content\/uploads\/2025\/10\/margaux-1-300x234.jpg 300w, https:\/\/lescrepesdalex.eu\/wp-content\/uploads\/2025\/10\/margaux-1-768x600.jpg 768w, https:\/\/lescrepesdalex.eu\/wp-content\/uploads\/2025\/10\/margaux-1-1536x1200.jpg 1536w, https:\/\/lescrepesdalex.eu\/wp-content\/uploads\/2025\/10\/margaux-1-2048x1600.jpg 2048w\" sizes=\"(max-width: 1024px) 100vw, 1024px\" \/><\/figure>\n\n\n\n<p><strong>Margaux<\/strong> est arriv\u00e9e \u00e0 la cr\u00eaperie en ao\u00fbt 2025.<\/p>\n\n\n\n<p><em>C&rsquo;<\/em>est elle qui vous accueille et g\u00e8re les services du soir.<\/p>\n\n\n\n<p>Elle travaille du mercredi soir au samedi soir.<\/p>\n\n\n\n<p>Sa passion dans la vie : les voyages et <strong>Margaux<\/strong> nous arrive tout droit du Canada o\u00f9 elle a pu faire ses marques dans l&rsquo;Ev\u00e8nementiel.<\/p>\n\n\n\n<figure class=\"wp-block-image size-large is-resized\"><img decoding=\"async\" loading=\"lazy\" width=\"683\" height=\"1024\" src=\"https:\/\/lescrepesdalex.eu\/wp-content\/uploads\/2026\/02\/erwan-683x1024.png\" alt=\"\" class=\"wp-image-3896\" style=\"aspect-ratio:0.6669921875;width:237px;height:auto\" srcset=\"https:\/\/lescrepesdalex.eu\/wp-content\/uploads\/2026\/02\/erwan-683x1024.png 683w, https:\/\/lescrepesdalex.eu\/wp-content\/uploads\/2026\/02\/erwan-200x300.png 200w, https:\/\/lescrepesdalex.eu\/wp-content\/uploads\/2026\/02\/erwan-768x1152.png 768w, https:\/\/lescrepesdalex.eu\/wp-content\/uploads\/2026\/02\/erwan.png 1024w\" sizes=\"(max-width: 683px) 100vw, 683px\" \/><\/figure>\n\n\n\n<p><strong>ERWAN<\/strong> est arriv\u00e9 dans l&rsquo;\u00e9quipe d\u00e9but janvier 2026 en tant que commis de cuisine et plongeur.<\/p>\n\n\n\n<p>Les piles d&rsquo;assiettes ne lui font pas peur et son aide en cuisine pendant le service est pr\u00e9cieuse.<\/p>\n\n\n\n<p>Avec <strong>Erwan<\/strong>, vous pouvez parler breton, il sera ravi de vous faire la conversation.<\/p>\n","protected":false},"excerpt":{"rendered":"<p>Photo Damien Corre Photographie pour l&rsquo;\u00e9quipe 2026 Alex adore les cr\u00eapes, les phares et la po\u00e9sie. G\u00e9rante de la cr\u00eaperie et aux billigs depuis septembre 2020. Julie a rejoint l&rsquo;\u00e9quipe en d\u00e9cembre 2025. V\u00e9ritable food lover, toujours \u00e0 l&rsquo;affut d&rsquo;un bon resto ou du meilleur &hellip; <\/p>\n","protected":false},"author":2,"featured_media":0,"parent":0,"menu_order":0,"comment_status":"closed","ping_status":"closed","template":"","meta":{"footnotes":""},"_links":{"self":[{"href":"https:\/\/lescrepesdalex.eu\/index.php\/wp-json\/wp\/v2\/pages\/3641"}],"collection":[{"href":"https:\/\/lescrepesdalex.eu\/index.php\/wp-json\/wp\/v2\/pages"}],"about":[{"href":"https:\/\/lescrepesdalex.eu\/index.php\/wp-json\/wp\/v2\/types\/page"}],"author":[{"embeddable":true,"href":"https:\/\/lescrepesdalex.eu\/index.php\/wp-json\/wp\/v2\/users\/2"}],"replies":[{"embeddable":true,"href":"https:\/\/lescrepesdalex.eu\/index.php\/wp-json\/wp\/v2\/comments?post=3641"}],"version-history":[{"count":16,"href":"https:\/\/lescrepesdalex.eu\/index.php\/wp-json\/wp\/v2\/pages\/3641\/revisions"}],"predecessor-version":[{"id":3905,"href":"https:\/\/lescrepesdalex.eu\/index.php\/wp-json\/wp\/v2\/pages\/3641\/revisions\/3905"}],"wp:attachment":[{"href":"https:\/\/lescrepesdalex.eu\/index.php\/wp-json\/wp\/v2\/media?parent=3641"}],"curies":[{"name":"wp","href":"https:\/\/api.w.org\/{rel}","templated":true}]}}