{"id":1603,"date":"2021-05-16T08:39:52","date_gmt":"2021-05-16T06:39:52","guid":{"rendered":"https:\/\/lescrepesdalex.eu\/?page_id=1603"},"modified":"2023-03-06T12:10:04","modified_gmt":"2023-03-06T11:10:04","slug":"terrasse-et-jardin","status":"publish","type":"page","link":"https:\/\/lescrepesdalex.eu\/index.php\/terrasse-et-jardin\/","title":{"rendered":"Terrasse et jardin"},"content":{"rendered":"\n<p><mark style=\"background-color:rgba(0, 0, 0, 0)\" class=\"has-inline-color has-luminous-vivid-orange-color\"><strong>D&rsquo;une capacit\u00e9 de 24 places, la terrasse en bois est couverte d&rsquo;une pergola en fonction de la m\u00e9t\u00e9o ce qui en fait un lieu tr\u00e8s agr\u00e9able quelque soit la m\u00e9t\u00e9o du printemps jusqu&rsquo;\u00e0 l&rsquo;automne.<\/strong><\/mark><\/p>\n\n\n\n<p><strong><span class=\"has-inline-color has-luminous-vivid-orange-color\">Elle est compl\u00e9t\u00e9e par un grande cour ferm\u00e9e o\u00f9 les enfants trouveront de nombreux jeux (cabane en bois, d\u00eenette, table et chaises, toboggan), des transats avec parasols sont \u00e0 disposition.<\/span><\/strong><\/p>\n\n\n\n<p><strong><mark style=\"background-color:rgba(0, 0, 0, 0)\" class=\"has-inline-color has-luminous-vivid-orange-color\">La terrasse et la cour sont fleuries une grande partie de l&rsquo;ann\u00e9e avec de nombreuses esp\u00e8ces (lilas, hortensias, rosiers, roses tr\u00e9mi\u00e8res, a\u00e9onium, obier, muguet, fraises des bois&#8230;)<\/mark><\/strong><\/p>\n\n\n\n<figure class=\"wp-block-gallery has-nested-images columns-default is-cropped wp-block-gallery-1 is-layout-flex wp-block-gallery-is-layout-flex\">\n<figure class=\"wp-block-image size-large\"><img decoding=\"async\" loading=\"lazy\" width=\"1024\" height=\"766\" data-id=\"1604\" src=\"https:\/\/lescrepesdalex.eu\/wp-content\/uploads\/2021\/05\/1621146811569-1024x766.jpg\" alt=\"\" class=\"wp-image-1604\" srcset=\"https:\/\/lescrepesdalex.eu\/wp-content\/uploads\/2021\/05\/1621146811569-1024x766.jpg 1024w, https:\/\/lescrepesdalex.eu\/wp-content\/uploads\/2021\/05\/1621146811569-300x224.jpg 300w, https:\/\/lescrepesdalex.eu\/wp-content\/uploads\/2021\/05\/1621146811569-768x575.jpg 768w, https:\/\/lescrepesdalex.eu\/wp-content\/uploads\/2021\/05\/1621146811569-1536x1149.jpg 1536w, https:\/\/lescrepesdalex.eu\/wp-content\/uploads\/2021\/05\/1621146811569-2048x1532.jpg 2048w\" sizes=\"(max-width: 1024px) 100vw, 1024px\" \/><\/figure>\n\n\n\n<figure class=\"wp-block-image size-large\"><img decoding=\"async\" loading=\"lazy\" width=\"1024\" height=\"768\" data-id=\"1610\" src=\"https:\/\/lescrepesdalex.eu\/wp-content\/uploads\/2021\/05\/1621147617498-1024x768.jpeg\" alt=\"\" class=\"wp-image-1610\" srcset=\"https:\/\/lescrepesdalex.eu\/wp-content\/uploads\/2021\/05\/1621147617498-1024x768.jpeg 1024w, https:\/\/lescrepesdalex.eu\/wp-content\/uploads\/2021\/05\/1621147617498-300x225.jpeg 300w, https:\/\/lescrepesdalex.eu\/wp-content\/uploads\/2021\/05\/1621147617498-768x576.jpeg 768w, https:\/\/lescrepesdalex.eu\/wp-content\/uploads\/2021\/05\/1621147617498-1536x1152.jpeg 1536w, https:\/\/lescrepesdalex.eu\/wp-content\/uploads\/2021\/05\/1621147617498-2048x1536.jpeg 2048w\" sizes=\"(max-width: 1024px) 100vw, 1024px\" \/><figcaption>Lilas<\/figcaption><\/figure>\n\n\n\n<figure class=\"wp-block-image size-large\"><img decoding=\"async\" loading=\"lazy\" width=\"1024\" height=\"683\" data-id=\"1747\" src=\"https:\/\/lescrepesdalex.eu\/wp-content\/uploads\/2021\/10\/terrasse2-1024x683.jpg\" alt=\"\" class=\"wp-image-1747\" srcset=\"https:\/\/lescrepesdalex.eu\/wp-content\/uploads\/2021\/10\/terrasse2-1024x683.jpg 1024w, https:\/\/lescrepesdalex.eu\/wp-content\/uploads\/2021\/10\/terrasse2-300x200.jpg 300w, https:\/\/lescrepesdalex.eu\/wp-content\/uploads\/2021\/10\/terrasse2-768x512.jpg 768w, https:\/\/lescrepesdalex.eu\/wp-content\/uploads\/2021\/10\/terrasse2-1536x1024.jpg 1536w, https:\/\/lescrepesdalex.eu\/wp-content\/uploads\/2021\/10\/terrasse2-2048x1365.jpg 2048w\" sizes=\"(max-width: 1024px) 100vw, 1024px\" \/><\/figure>\n\n\n\n<figure class=\"wp-block-image size-large\"><img decoding=\"async\" loading=\"lazy\" width=\"1024\" height=\"683\" data-id=\"1745\" src=\"https:\/\/lescrepesdalex.eu\/wp-content\/uploads\/2021\/10\/terrasse1-1024x683.jpg\" alt=\"\" class=\"wp-image-1745\" srcset=\"https:\/\/lescrepesdalex.eu\/wp-content\/uploads\/2021\/10\/terrasse1-1024x683.jpg 1024w, https:\/\/lescrepesdalex.eu\/wp-content\/uploads\/2021\/10\/terrasse1-300x200.jpg 300w, https:\/\/lescrepesdalex.eu\/wp-content\/uploads\/2021\/10\/terrasse1-768x512.jpg 768w, https:\/\/lescrepesdalex.eu\/wp-content\/uploads\/2021\/10\/terrasse1-1536x1024.jpg 1536w, https:\/\/lescrepesdalex.eu\/wp-content\/uploads\/2021\/10\/terrasse1-2048x1365.jpg 2048w\" sizes=\"(max-width: 1024px) 100vw, 1024px\" \/><\/figure>\n<\/figure>\n","protected":false},"excerpt":{"rendered":"<p>D&rsquo;une capacit\u00e9 de 24 places, la terrasse en bois est couverte d&rsquo;une pergola en fonction de la m\u00e9t\u00e9o ce qui en fait un lieu tr\u00e8s agr\u00e9able quelque soit la m\u00e9t\u00e9o du printemps jusqu&rsquo;\u00e0 l&rsquo;automne. Elle est compl\u00e9t\u00e9e par un grande cour ferm\u00e9e o\u00f9 les enfants &hellip; <\/p>\n","protected":false},"author":2,"featured_media":2783,"parent":0,"menu_order":0,"comment_status":"closed","ping_status":"closed","template":"","meta":{"footnotes":""},"_links":{"self":[{"href":"https:\/\/lescrepesdalex.eu\/index.php\/wp-json\/wp\/v2\/pages\/1603"}],"collection":[{"href":"https:\/\/lescrepesdalex.eu\/index.php\/wp-json\/wp\/v2\/pages"}],"about":[{"href":"https:\/\/lescrepesdalex.eu\/index.php\/wp-json\/wp\/v2\/types\/page"}],"author":[{"embeddable":true,"href":"https:\/\/lescrepesdalex.eu\/index.php\/wp-json\/wp\/v2\/users\/2"}],"replies":[{"embeddable":true,"href":"https:\/\/lescrepesdalex.eu\/index.php\/wp-json\/wp\/v2\/comments?post=1603"}],"version-history":[{"count":8,"href":"https:\/\/lescrepesdalex.eu\/index.php\/wp-json\/wp\/v2\/pages\/1603\/revisions"}],"predecessor-version":[{"id":3470,"href":"https:\/\/lescrepesdalex.eu\/index.php\/wp-json\/wp\/v2\/pages\/1603\/revisions\/3470"}],"wp:featuredmedia":[{"embeddable":true,"href":"https:\/\/lescrepesdalex.eu\/index.php\/wp-json\/wp\/v2\/media\/2783"}],"wp:attachment":[{"href":"https:\/\/lescrepesdalex.eu\/index.php\/wp-json\/wp\/v2\/media?parent=1603"}],"curies":[{"name":"wp","href":"https:\/\/api.w.org\/{rel}","templated":true}]}}