{"id":115,"date":"2018-11-27T20:30:00","date_gmt":"2018-11-27T19:30:00","guid":{"rendered":"http:\/\/lescrepesdalex.eu\/?page_id=115"},"modified":"2026-01-26T21:30:55","modified_gmt":"2026-01-26T20:30:55","slug":"contact","status":"publish","type":"page","link":"https:\/\/lescrepesdalex.eu\/index.php\/contact\/","title":{"rendered":"Contact et horaires"},"content":{"rendered":"\n<h1 class=\"wp-block-heading\">&nbsp;<\/h1>\n\n\n\n<h2 class=\"wp-block-heading has-text-align-center\" style=\"font-style:italic;font-weight:500\">La cr\u00eaperie vous accueille du mardi au samedi:<\/h2>\n\n\n\n<h2 class=\"wp-block-heading has-text-align-center\" style=\"font-style:italic;font-weight:500\">mardi, mercredi et jeudi 12h-13h30  et 19h-20h* <\/h2>\n\n\n\n<h2 class=\"wp-block-heading has-text-align-center\" style=\"font-style:italic;font-weight:500\">vendredi et samedi 12h-13h30 et 19h-20h30*<\/h2>\n\n\n\n<h5 class=\"wp-block-heading has-text-align-center\" style=\"font-style:italic;font-weight:500\">(*indique la plage horaire sur laquelle nous accueillons nos clients)<\/h5>\n\n\n\n<p class=\"has-text-align-center has-vivid-red-color has-text-color\">R\u00e9servation fortement conseill\u00e9e pour le vendredi et samedi soir<\/p>\n\n\n\n<h2 class=\"wp-block-heading has-text-align-center\" style=\"font-style:italic;font-weight:500\">Les cr\u00eapes d&rsquo;Alex<\/h2>\n\n\n\n<h2 class=\"wp-block-heading has-text-align-center\" style=\"font-style:italic;font-weight:500\">&nbsp;26 rue de la Tour d&rsquo;Auvergne 29400 Landivisiau<\/h2>\n\n\n\n<h2 class=\"wp-block-heading has-text-align-center\" style=\"font-style:italic;font-weight:100\"><strong><span style=\"color: #bf590b;\">02 98 68 19 78 <\/span><\/strong><\/h2>\n\n\n\n<h2 class=\"wp-block-heading has-text-align-center\" style=\"font-style:italic;font-weight:100\"><\/h2>\n","protected":false},"excerpt":{"rendered":"<p>&nbsp; La cr\u00eaperie vous accueille du mardi au samedi: mardi, mercredi et jeudi 12h-13h30 et 19h-20h* vendredi et samedi 12h-13h30 et 19h-20h30* (*indique la plage horaire sur laquelle nous accueillons nos clients) R\u00e9servation fortement conseill\u00e9e pour le vendredi et samedi soir Les cr\u00eapes d&rsquo;Alex &nbsp;26 &hellip; <\/p>\n","protected":false},"author":2,"featured_media":2773,"parent":0,"menu_order":0,"comment_status":"closed","ping_status":"closed","template":"","meta":{"footnotes":""},"_links":{"self":[{"href":"https:\/\/lescrepesdalex.eu\/index.php\/wp-json\/wp\/v2\/pages\/115"}],"collection":[{"href":"https:\/\/lescrepesdalex.eu\/index.php\/wp-json\/wp\/v2\/pages"}],"about":[{"href":"https:\/\/lescrepesdalex.eu\/index.php\/wp-json\/wp\/v2\/types\/page"}],"author":[{"embeddable":true,"href":"https:\/\/lescrepesdalex.eu\/index.php\/wp-json\/wp\/v2\/users\/2"}],"replies":[{"embeddable":true,"href":"https:\/\/lescrepesdalex.eu\/index.php\/wp-json\/wp\/v2\/comments?post=115"}],"version-history":[{"count":61,"href":"https:\/\/lescrepesdalex.eu\/index.php\/wp-json\/wp\/v2\/pages\/115\/revisions"}],"predecessor-version":[{"id":3887,"href":"https:\/\/lescrepesdalex.eu\/index.php\/wp-json\/wp\/v2\/pages\/115\/revisions\/3887"}],"wp:featuredmedia":[{"embeddable":true,"href":"https:\/\/lescrepesdalex.eu\/index.php\/wp-json\/wp\/v2\/media\/2773"}],"wp:attachment":[{"href":"https:\/\/lescrepesdalex.eu\/index.php\/wp-json\/wp\/v2\/media?parent=115"}],"curies":[{"name":"wp","href":"https:\/\/api.w.org\/{rel}","templated":true}]}}